{"id":76,"date":"2013-05-02T16:43:28","date_gmt":"2013-05-02T14:43:28","guid":{"rendered":"http:\/\/www.krombusch.de\/millbrooks\/?page_id=76"},"modified":"2025-07-24T15:00:37","modified_gmt":"2025-07-24T13:00:37","slug":"impressum","status":"publish","type":"page","link":"https:\/\/www.millbrooks.de\/?page_id=76","title":{"rendered":"Impressum"},"content":{"rendered":"<p>Impressum<\/p>\n<p>Gesetzliche Anbieterkennung:<\/p>\n<p>Marc Saucke<br \/>\nmillbrooks.de<br \/>\nS\u00fclzburgstra\u00dfe 174<br \/>\n50937 K\u00f6ln<br \/>\nDeutschland<\/p>\n<p>Telefon: 0173\/723 79 88<\/p>\n<p>E-Mail: marc.saucke@arcor.de<\/p>\n<p>USt-IdNr.: DE 215412878<\/p>\n<p>Aufgrund des Kleinunternehmerstatus wird in der Rechnung keine MwSt. ausgewiesen (umsatzsteuerfrei gem. \u00a7 19 Abs. 1 UStG).<\/p>\n<p>Wir sind nicht bereit und nicht verpflichtet, an Streitbeilegungsverfahren vor Verbraucherschlichtungsstellen teilzunehmen.<\/p>\n<p>Wir sind seit 12.02.2020 Mitglied der Initiative &#8222;FairCommerce&#8220;.<\/p>\n<p>N\u00e4here Informationen hierzu finden Sie unter www.haendlerbund.de\/faircommerce (https:\/\/www.haendlerbund.de\/de\/haendlerbund\/interessenvertretung\/faircommerce).<\/p>\n","protected":false},"excerpt":{"rendered":"<p>Impressum Gesetzliche Anbieterkennung: Marc Saucke millbrooks.de S\u00fclzburgstra\u00dfe 174 50937 K\u00f6ln Deutschland Telefon: 0173\/723 79 88 E-Mail: marc.saucke@arcor.de USt-IdNr.: DE 215412878 Aufgrund des Kleinunternehmerstatus wird in der Rechnung keine MwSt. ausgewiesen (umsatzsteuerfrei gem. \u00a7 19 Abs. 1 UStG). Wir sind nicht bereit und nicht verpflichtet, an Streitbeilegungsverfahren vor Verbraucherschlichtungsstellen teilzunehmen. Wir sind seit 12.02.2020 Mitglied der &hellip; <a href=\"https:\/\/www.millbrooks.de\/?page_id=76\" class=\"more-link\"><span class=\"screen-reader-text\">Impressum<\/span> weiterlesen <span class=\"meta-nav\">&rarr;<\/span><\/a><\/p>\n","protected":false},"author":2,"featured_media":0,"parent":0,"menu_order":50,"comment_status":"closed","ping_status":"closed","template":"","meta":{"footnotes":""},"class_list":["post-76","page","type-page","status-publish","hentry"],"_links":{"self":[{"href":"https:\/\/www.millbrooks.de\/index.php?rest_route=\/wp\/v2\/pages\/76","targetHints":{"allow":["GET"]}}],"collection":[{"href":"https:\/\/www.millbrooks.de\/index.php?rest_route=\/wp\/v2\/pages"}],"about":[{"href":"https:\/\/www.millbrooks.de\/index.php?rest_route=\/wp\/v2\/types\/page"}],"author":[{"embeddable":true,"href":"https:\/\/www.millbrooks.de\/index.php?rest_route=\/wp\/v2\/users\/2"}],"replies":[{"embeddable":true,"href":"https:\/\/www.millbrooks.de\/index.php?rest_route=%2Fwp%2Fv2%2Fcomments&post=76"}],"version-history":[{"count":14,"href":"https:\/\/www.millbrooks.de\/index.php?rest_route=\/wp\/v2\/pages\/76\/revisions"}],"predecessor-version":[{"id":108012,"href":"https:\/\/www.millbrooks.de\/index.php?rest_route=\/wp\/v2\/pages\/76\/revisions\/108012"}],"wp:attachment":[{"href":"https:\/\/www.millbrooks.de\/index.php?rest_route=%2Fwp%2Fv2%2Fmedia&parent=76"}],"curies":[{"name":"wp","href":"https:\/\/api.w.org\/{rel}","templated":true}]}}