{"id":59,"date":"2013-05-02T16:21:53","date_gmt":"2013-05-02T14:21:53","guid":{"rendered":"http:\/\/www.krombusch.de\/millbrooks\/?page_id=59"},"modified":"2023-02-26T22:10:20","modified_gmt":"2023-02-26T20:10:20","slug":"kontakt","status":"publish","type":"page","link":"https:\/\/www.millbrooks.de\/?page_id=59","title":{"rendered":"Kontakt"},"content":{"rendered":"<p><strong><span style=\"line-height: 1.5;\">Millbrooks &#8211; Schmuck &#8211; Design und mehr<br \/>\n<\/span><\/strong><a href=\"http:\/\/maps.google.de\/maps?q=S%C3%BClzburgstra%C3%9Fe+174,+50937+K%C3%B6ln&amp;hl=de&amp;ie=UTF8&amp;ll=50.920296,6.919756&amp;spn=0.010389,0.01929&amp;sll=50.920729,6.919692&amp;sspn=0.010389,0.01929&amp;hnear=S%C3%BClzburgstra%C3%9Fe+174,+50937+K%C3%B6ln,+Nordrhein-Westfalen&amp;t=m&amp;z=16\" target=\"_blank\" rel=\"noopener noreferrer\"><img loading=\"lazy\" decoding=\"async\" class=\"size-full wp-image-65 alignright\" src=\"https:\/\/www.millbrooks.de\/wp-content\/uploads\/2013\/05\/sbstrasse.png\" alt=\"sbstrasse\" width=\"228\" height=\"132\" \/><\/a>Marc Saucke<br \/>\nS\u00fclzburgstra\u00dfe 174<br \/>\n50937 K\u00f6ln<\/p>\n<p>EMail:\u00a0\u00a0\u00a0\u00a0\u00a0\u00a0\u00a0\u00a0\u00a0\u00a0\u00a0 marc.saucke@arcor.de<br \/>\nMobil:\u00a0\u00a0\u00a0\u00a0\u00a0\u00a0\u00a0\u00a0\u00a0+ 49 (0) 173\/7237988<\/p>\n<p><strong>\u00d6ffnungszeiten<br \/>\n<\/strong>nach telefonischer Vereinbarung &#8211; Mobil: + 49 (0) 173\/7237988<\/p>\n","protected":false},"excerpt":{"rendered":"<p>Millbrooks &#8211; Schmuck &#8211; Design und mehr Marc Saucke S\u00fclzburgstra\u00dfe 174 50937 K\u00f6ln EMail:\u00a0\u00a0\u00a0\u00a0\u00a0\u00a0\u00a0\u00a0\u00a0\u00a0\u00a0 marc.saucke@arcor.de Mobil:\u00a0\u00a0\u00a0\u00a0\u00a0\u00a0\u00a0\u00a0\u00a0+ 49 (0) 173\/7237988 \u00d6ffnungszeiten nach telefonischer Vereinbarung &#8211; Mobil: + 49 (0) 173\/7237988<\/p>\n","protected":false},"author":2,"featured_media":0,"parent":0,"menu_order":40,"comment_status":"closed","ping_status":"closed","template":"","meta":{"footnotes":""},"class_list":["post-59","page","type-page","status-publish","hentry"],"_links":{"self":[{"href":"https:\/\/www.millbrooks.de\/index.php?rest_route=\/wp\/v2\/pages\/59","targetHints":{"allow":["GET"]}}],"collection":[{"href":"https:\/\/www.millbrooks.de\/index.php?rest_route=\/wp\/v2\/pages"}],"about":[{"href":"https:\/\/www.millbrooks.de\/index.php?rest_route=\/wp\/v2\/types\/page"}],"author":[{"embeddable":true,"href":"https:\/\/www.millbrooks.de\/index.php?rest_route=\/wp\/v2\/users\/2"}],"replies":[{"embeddable":true,"href":"https:\/\/www.millbrooks.de\/index.php?rest_route=%2Fwp%2Fv2%2Fcomments&post=59"}],"version-history":[{"count":23,"href":"https:\/\/www.millbrooks.de\/index.php?rest_route=\/wp\/v2\/pages\/59\/revisions"}],"predecessor-version":[{"id":89638,"href":"https:\/\/www.millbrooks.de\/index.php?rest_route=\/wp\/v2\/pages\/59\/revisions\/89638"}],"wp:attachment":[{"href":"https:\/\/www.millbrooks.de\/index.php?rest_route=%2Fwp%2Fv2%2Fmedia&parent=59"}],"curies":[{"name":"wp","href":"https:\/\/api.w.org\/{rel}","templated":true}]}}