{"id":47,"date":"2013-05-02T15:52:05","date_gmt":"2013-05-02T13:52:05","guid":{"rendered":"http:\/\/www.krombusch.de\/millbrooks\/?page_id=47"},"modified":"2014-11-18T22:45:53","modified_gmt":"2014-11-18T20:45:53","slug":"reparatur","status":"publish","type":"page","link":"https:\/\/www.millbrooks.de\/?page_id=47","title":{"rendered":"Reparaturen"},"content":{"rendered":"<p>Irgendwann geht jedes Lieblingsst\u00fcck kaputt. Wegwerfen kommt aber nicht in Frage, zu viele Erinnerungen h\u00e4ngen daran.\u00a0Aber wer kann Stehlampen aus den 60er-Jahren noch reparieren, wo gibt es Stecker f\u00fcr nostalgische Lampen, welche Hersteller und Lieferanten liefern \u00fcberhaupt noch Ersatzteile?<\/p>\n<p>Unsere Partner und wir \u00fcbernehmen nach Absprache Reparaturen bei Sch\u00e4den an Ihren St\u00fccken.<\/p>\n<p>Fragen Sie einfach per Mail oder telonisch \u00fcber die Seite <a title=\"Kontakt\" href=\"https:\/\/www.millbrooks.de\/index.php\/kontakt\">Kontakt<\/a> nach, ob wir bei Ihrem Problem helfen k\u00f6nnen.<\/p>\n","protected":false},"excerpt":{"rendered":"<p>Irgendwann geht jedes Lieblingsst\u00fcck kaputt. Wegwerfen kommt aber nicht in Frage, zu viele Erinnerungen h\u00e4ngen daran.\u00a0Aber wer kann Stehlampen aus den 60er-Jahren noch reparieren, wo gibt es Stecker f\u00fcr nostalgische Lampen, welche Hersteller und Lieferanten liefern \u00fcberhaupt noch Ersatzteile? Unsere Partner und wir \u00fcbernehmen nach Absprache Reparaturen bei Sch\u00e4den an Ihren St\u00fccken. Fragen Sie einfach &hellip; <a href=\"https:\/\/www.millbrooks.de\/?page_id=47\" class=\"more-link\"><span class=\"screen-reader-text\">Reparaturen<\/span> weiterlesen <span class=\"meta-nav\">&rarr;<\/span><\/a><\/p>\n","protected":false},"author":2,"featured_media":0,"parent":0,"menu_order":10,"comment_status":"closed","ping_status":"closed","template":"","meta":{"footnotes":""},"class_list":["post-47","page","type-page","status-publish","hentry"],"_links":{"self":[{"href":"https:\/\/www.millbrooks.de\/index.php?rest_route=\/wp\/v2\/pages\/47","targetHints":{"allow":["GET"]}}],"collection":[{"href":"https:\/\/www.millbrooks.de\/index.php?rest_route=\/wp\/v2\/pages"}],"about":[{"href":"https:\/\/www.millbrooks.de\/index.php?rest_route=\/wp\/v2\/types\/page"}],"author":[{"embeddable":true,"href":"https:\/\/www.millbrooks.de\/index.php?rest_route=\/wp\/v2\/users\/2"}],"replies":[{"embeddable":true,"href":"https:\/\/www.millbrooks.de\/index.php?rest_route=%2Fwp%2Fv2%2Fcomments&post=47"}],"version-history":[{"count":9,"href":"https:\/\/www.millbrooks.de\/index.php?rest_route=\/wp\/v2\/pages\/47\/revisions"}],"predecessor-version":[{"id":995,"href":"https:\/\/www.millbrooks.de\/index.php?rest_route=\/wp\/v2\/pages\/47\/revisions\/995"}],"wp:attachment":[{"href":"https:\/\/www.millbrooks.de\/index.php?rest_route=%2Fwp%2Fv2%2Fmedia&parent=47"}],"curies":[{"name":"wp","href":"https:\/\/api.w.org\/{rel}","templated":true}]}}