{"id":231,"date":"2013-11-26T18:33:22","date_gmt":"2013-11-26T16:33:22","guid":{"rendered":"https:\/\/www.millbrooks.de\/?page_id=231"},"modified":"2025-07-24T14:50:41","modified_gmt":"2025-07-24T12:50:41","slug":"agb","status":"publish","type":"page","link":"https:\/\/www.millbrooks.de\/?page_id=231","title":{"rendered":"AGB und Kundeninformationen, Zahlung und Versand, Widerrufsrecht f\u00fcr Verbraucher"},"content":{"rendered":"<div>\n<p>Allgemeine Gesch\u00e4ftsbedingungen und Kundeninformationen<\/p>\n<p>&nbsp;<\/p>\n<ol>\n<li>Allgemeine Gesch\u00e4ftsbedingungen<\/li>\n<\/ol>\n<p>&nbsp;<\/p>\n<ul>\n<li>1 Grundlegende Bestimmungen<\/li>\n<\/ul>\n<p>&nbsp;<\/p>\n<p>(1) Die nachstehenden Gesch\u00e4ftsbedingungen gelten f\u00fcr Vertr\u00e4ge, die Sie mit uns als Anbieter (Marc Saucke) \u00fcber die Internetseite www.millbrooks.de schlie\u00dfen. Soweit nicht anders vereinbart, wird der Einbeziehung gegebenenfalls von Ihnen verwendeter eigener Bedingungen widersprochen.<\/p>\n<p>&nbsp;<\/p>\n<p>(2) Verbraucher im Sinne der nachstehenden Regelungen ist jede nat\u00fcrliche Person, die ein Rechtsgesch\u00e4ft zu Zwecken abschlie\u00dft, die \u00fcberwiegend weder ihrer gewerblichen noch ihrer selbst\u00e4ndigen beruflichen T\u00e4tigkeit zugerechnet werden kann. Unternehmer ist jede nat\u00fcrliche oder juristische Person oder eine rechtsf\u00e4hige Personengesellschaft, die bei Abschluss eines Rechtsgesch\u00e4fts in Aus\u00fcbung ihrer selbst\u00e4ndigen beruflichen oder gewerblichen T\u00e4tigkeit handelt.<\/p>\n<ul>\n<li>2 Zustandekommen des Vertrages<\/li>\n<\/ul>\n<p>&nbsp;<\/p>\n<p>(1) Gegenstand des Vertrages ist der Verkauf von Waren.<\/p>\n<p>&nbsp;<\/p>\n<p>Unsere Angebote im Internet sind unverbindlich und kein verbindliches Angebot zum Abschluss eines Vertrages.<\/p>\n<p>&nbsp;<\/p>\n<p>(2) Ihre Anfragen zur Erstellung eines Angebotes sind f\u00fcr Sie unverbindlich. Wir unterbreiten Ihnen hierzu ein verbindliches Angebot in Textform (z.B. per E-Mail), welches Sie innerhalb von 5 Tagen (soweit im jeweiligen Angebot keine andere Frist ausgewiesen ist) annehmen k\u00f6nnen.<\/p>\n<p>&nbsp;<\/p>\n<p>(3) Die Abwicklung der Bestellung und \u00dcbermittlung aller im Zusammenhang mit dem Vertragsschluss erforderlichen Informationen erfolgt per E-Mail zum Teil automatisiert. Sie haben deshalb sicherzustellen, dass die von Ihnen bei uns hinterlegte E-Mail-Adresse zutreffend ist, der Empfang der E-Mails technisch sichergestellt und insbesondere nicht durch SPAM-Filter verhindert wird.<\/p>\n<p>&nbsp;<\/p>\n<ul>\n<li>3 Zur\u00fcckbehaltungsrecht, Eigentumsvorbehalt<\/li>\n<\/ul>\n<p>&nbsp;<\/p>\n<p>(1) Ein Zur\u00fcckbehaltungsrecht k\u00f6nnen Sie nur aus\u00fcben, soweit es sich um Forderungen aus demselben Vertragsverh\u00e4ltnis handelt.<\/p>\n<p>&nbsp;<\/p>\n<p>(2) Die Ware bleibt bis zur vollst\u00e4ndigen Zahlung des Kaufpreises unser Eigentum.<\/p>\n<p>&nbsp;<\/p>\n<p>(3) Sind Sie Unternehmer, gilt erg\u00e4nzend Folgendes:<\/p>\n<p>&nbsp;<\/p>\n<ol>\n<li>a) Wir behalten uns das Eigentum an der Ware bis zum vollst\u00e4ndigen Ausgleich aller Forderungen aus der laufenden Gesch\u00e4ftsbeziehung vor. Vor \u00dcbergang des Eigentums an der Vorbehaltsware ist eine Verpf\u00e4ndung oder Sicherheits\u00fcbereignung nicht zul\u00e4ssig.<\/li>\n<\/ol>\n<p>&nbsp;<\/p>\n<ol>\n<li>b) Sie k\u00f6nnen die Ware im ordentlichen Gesch\u00e4ftsgang weiterverkaufen. F\u00fcr diesen Fall treten Sie bereits jetzt alle Forderungen in H\u00f6he des Rechnungsbetrages, die Ihnen aus dem Weiterverkauf erwachsen, an uns ab, wir nehmen die Abtretung an. Sie sind weiter zur Einziehung der Forderung erm\u00e4chtigt. Soweit Sie Ihren Zahlungsverpflichtungen nicht ordnungsgem\u00e4\u00df nachkommen, behalten wir uns allerdings vor, die Forderung selbst einzuziehen.<\/li>\n<\/ol>\n<p>&nbsp;<\/p>\n<ol>\n<li>c) Bei Verbindung und Vermischung der Vorbehaltsware erwerben wir Miteigentum an der neuen Sache im Verh\u00e4ltnis des Rechnungswertes der Vorbehaltsware zu den anderen verarbeiteten Gegenst\u00e4nden zum Zeitpunkt der Verarbeitung.<\/li>\n<\/ol>\n<p>&nbsp;<\/p>\n<ol>\n<li>d) Wir verpflichten uns, die uns zustehenden Sicherheiten auf Ihr Verlangen insoweit freizugeben, als der realisierbare Wert unserer Sicherheiten die zu sichernde Forderung um mehr als 10% \u00fcbersteigt. Die Auswahl der freizugebenden Sicherheiten obliegt uns.<\/li>\n<\/ol>\n<p>&nbsp;<\/p>\n<ul>\n<li>4 Gew\u00e4hrleistung<\/li>\n<\/ul>\n<p>&nbsp;<\/p>\n<p>(1) Es bestehen die gesetzlichen M\u00e4ngelhaftungsrechte.<\/p>\n<p>&nbsp;<\/p>\n<p>(2) Soweit Sie vor Abgabe der Vertragserkl\u00e4rung durch uns dar\u00fcber in Kenntnis gesetzt werden und dies ausdr\u00fccklich und gesondert vereinbart wurde, betr\u00e4gt die Verj\u00e4hrungsfrist f\u00fcr M\u00e4ngelanspr\u00fcche bei gebrauchten Waren ein Jahr ab Ablieferung der Ware. Die vorstehende Einschr\u00e4nkung gilt nicht:<\/p>\n<p>&nbsp;<\/p>\n<p>&nbsp;<\/p>\n<p>&#8211; f\u00fcr uns zurechenbare schuldhaft verursachte Sch\u00e4den aus der Verletzung des Lebens, des K\u00f6rpers oder der Gesundheit und bei vors\u00e4tzlich oder grob fahrl\u00e4ssig verursachten sonstigen Sch\u00e4den;<\/p>\n<p>&#8211; soweit wir den Mangel arglistig verschwiegen oder eine Garantie f\u00fcr die Beschaffenheit der Ware \u00fcbernommen haben.<\/p>\n<p>&nbsp;<\/p>\n<p>(3) Als Verbraucher werden Sie gebeten, die Ware bei Lieferung umgehend auf Vollst\u00e4ndigkeit, offensichtliche M\u00e4ngel und Transportsch\u00e4den zu \u00fcberpr\u00fcfen und uns sowie dem Spediteur Beanstandungen schnellstm\u00f6glich mitzuteilen. Kommen Sie dem nicht nach, hat dies keine Auswirkung auf Ihre gesetzlichen Gew\u00e4hrleistungsanspr\u00fcche.<\/p>\n<p>&nbsp;<\/p>\n<p>(4) Soweit ein Merkmal der Ware von den objektiven Anforderungen abweicht, gilt die Abweichung nur dann als vereinbart, wenn Sie vor Abgabe der Vertragserkl\u00e4rung durch uns \u00fcber selbige in Kenntnis gesetzt wurden und die Abweichung ausdr\u00fccklich und gesondert zwischen den Vertragsparteien vereinbart wurde.<\/p>\n<p>&nbsp;<\/p>\n<p>(5) Soweit Sie Unternehmer sind, gilt abweichend von den vorstehenden Gew\u00e4hrleistungsregelungen:<\/p>\n<p>&nbsp;<\/p>\n<ol>\n<li>a) Als Beschaffenheit der Ware gelten nur unsere eigenen Angaben und die Produktbeschreibung des Herstellers als vereinbart, nicht jedoch sonstige Werbung, \u00f6ffentliche Anpreisungen und \u00c4u\u00dferungen des Herstellers.<\/li>\n<\/ol>\n<p>&nbsp;<\/p>\n<ol>\n<li>b) Bei M\u00e4ngeln leisten wir nach unserer Wahl Gew\u00e4hr durch Nachbesserung oder Nachlieferung. Schl\u00e4gt die Mangelbeseitigung fehl, k\u00f6nnen Sie nach Ihrer Wahl Minderung verlangen oder vom Vertrag zur\u00fccktreten. Die M\u00e4ngelbeseitigung gilt nach erfolglosem zweiten Versuch als fehlgeschlagen, wenn sich nicht insbesondere aus der Art der Ware oder des Mangels oder den sonstigen Umst\u00e4nden etwas anderes ergibt. Im Falle der Nachbesserung m\u00fcssen wir nicht die erh\u00f6hten Kosten tragen, die durch die Verbringung der Ware an einen anderen Ort als den Erf\u00fcllungsort entstehen, sofern die Verbringung nicht dem bestimmungsgem\u00e4\u00dfen Gebrauch der Ware entspricht.<\/li>\n<\/ol>\n<p>&nbsp;<\/p>\n<ol>\n<li>c) Die Gew\u00e4hrleistungsfrist betr\u00e4gt ein Jahr ab Ablieferung der Ware. Die Fristverk\u00fcrzung gilt nicht:<\/li>\n<\/ol>\n<p>&nbsp;<\/p>\n<p>&#8211; f\u00fcr uns zurechenbare schuldhaft verursachte Sch\u00e4den aus der Verletzung des Lebens, des K\u00f6rpers oder der Gesundheit und bei vors\u00e4tzlich oder grob fahrl\u00e4ssig verursachten sonstigen Sch\u00e4den;<\/p>\n<p>&#8211; soweit wir den Mangel arglistig verschwiegen oder eine Garantie f\u00fcr die Beschaffenheit der Sache \u00fcbernommen haben;<\/p>\n<p>&#8211; bei Sachen, die entsprechend ihrer \u00fcblichen Verwendungsweise f\u00fcr ein Bauwerk verwendet worden sind und dessen Mangelhaftigkeit verursacht haben;<\/p>\n<p>&#8211; bei gesetzlichen R\u00fcckgriffsanspr\u00fcchen, die Sie im Zusammenhang mit M\u00e4ngelrechten gegen uns haben.<\/p>\n<p>&nbsp;<\/p>\n<ul>\n<li>5 Rechtswahl<\/li>\n<\/ul>\n<p>&nbsp;<\/p>\n<p>(1) Es gilt deutsches Recht. Bei Verbrauchern gilt diese Rechtswahl nur, soweit hierdurch der durch zwingende Bestimmungen des Rechts des Staates des gew\u00f6hnlichen Aufenthaltes des Verbrauchers gew\u00e4hrte Schutz nicht entzogen wird (G\u00fcnstigkeitsprinzip).<\/p>\n<p>&nbsp;<\/p>\n<p>(2) Die Bestimmungen des UN-Kaufrechts finden ausdr\u00fccklich keine Anwendung.<\/p>\n<p>&nbsp;<\/p>\n<p>&nbsp;<\/p>\n<p>&nbsp;<\/p>\n<p>&nbsp;<\/p>\n<ol>\n<li>Kundeninformationen<\/li>\n<\/ol>\n<p>&nbsp;<\/p>\n<ol>\n<li>Identit\u00e4t des Verk\u00e4ufers<\/li>\n<\/ol>\n<p>&nbsp;<\/p>\n<p>Marc Saucke<\/p>\n<p>S\u00fclzburgstra\u00dfe 174<\/p>\n<p>50937 K\u00f6ln<\/p>\n<p>Deutschland<\/p>\n<p>Telefon: 0173\/723 79 88<\/p>\n<p>E-Mail: marc.saucke@arcor.de<\/p>\n<p>&nbsp;<\/p>\n<p>&nbsp;<\/p>\n<p>Wir sind nicht bereit und nicht verpflichtet, an Streitbeilegungsverfahren vor Verbraucherschlichtungsstellen teilzunehmen.<\/p>\n<p>&nbsp;<\/p>\n<ol start=\"2\">\n<li>Informationen zum Zustandekommen des Vertrages<\/li>\n<\/ol>\n<p>&nbsp;<\/p>\n<p>Die technischen Schritte zum Vertragsschluss, der Vertragsschluss selbst und die Korrekturm\u00f6glichkeiten erfolgen nach Ma\u00dfgabe der Regelungen &#8222;Zustandekommen des Vertrages&#8220; unserer Allgemeinen Gesch\u00e4ftsbedingungen (Teil I.).<\/p>\n<p>&nbsp;<\/p>\n<ol start=\"3\">\n<li>Vertragssprache, Vertragstextspeicherung<\/li>\n<\/ol>\n<p>&nbsp;<\/p>\n<p>3.1. Vertragssprache ist deutsch.<\/p>\n<p>&nbsp;<\/p>\n<p>3.2. Der vollst\u00e4ndige Vertragstext wird von uns nicht gespeichert. Vor Absenden der Bestellung\u00a0 k\u00f6nnen die Vertragsdaten \u00fcber die Druckfunktion des Browsers ausgedruckt oder elektronisch gesichert werden. Nach Zugang der Bestellung bei uns werden die Bestelldaten, die gesetzlich vorgeschriebenen Informationen bei Fernabsatzvertr\u00e4gen und die Allgemeinen Gesch\u00e4ftsbedingungen nochmals per E-Mail an Sie \u00fcbersandt.<\/p>\n<p>&nbsp;<\/p>\n<p>3.3. Bei Angebotsanfragen au\u00dferhalb des Online-Warenkorbsystems erhalten Sie alle Vertragsdaten im Rahmen eines verbindlichen Angebotes in Textform \u00fcbersandt, z.B. per E-Mail, welche Sie ausdrucken oder elektronisch sichern k\u00f6nnen.<\/p>\n<p>&nbsp;<\/p>\n<ol start=\"4\">\n<li>Wesentliche Merkmale der Ware oder Dienstleistung<\/li>\n<\/ol>\n<p>&nbsp;<\/p>\n<p>Die wesentlichen Merkmale der Ware und\/oder Dienstleistung finden sich im jeweiligen Angebot.<\/p>\n<p>&nbsp;<\/p>\n<ol start=\"5\">\n<li>Preise und Zahlungsmodalit\u00e4ten<\/li>\n<\/ol>\n<p>&nbsp;<\/p>\n<p>5.1. Die in den jeweiligen Angeboten angef\u00fchrten Preise sowie die Versandkosten stellen Gesamtpreise dar. Sie beinhalten alle Preisbestandteile einschlie\u00dflich aller anfallenden Steuern.<\/p>\n<p>&nbsp;<\/p>\n<p>5.2. Die anfallenden Versandkosten sind nicht im Kaufpreis enthalten. Sie sind \u00fcber eine entsprechend bezeichnete Schaltfl\u00e4che auf unserer Internetpr\u00e4senz oder im jeweiligen Angebot aufrufbar, werden im Laufe des Bestellvorganges gesondert ausgewiesen und sind von Ihnen zus\u00e4tzlich zu tragen, soweit nicht die versandkostenfreie Lieferung zugesagt ist.<\/p>\n<p>&nbsp;<\/p>\n<p>5.3. Die Ihnen zur Verf\u00fcgung stehenden Zahlungsarten sind unter einer entsprechend bezeichneten Schaltfl\u00e4che auf unserer Internetpr\u00e4senz oder im jeweiligen Angebot ausgewiesen.<\/p>\n<p>&nbsp;<\/p>\n<p>5.4. Soweit bei den einzelnen Zahlungsarten nicht anders angegeben, sind die Zahlungsanspr\u00fcche aus dem geschlossenen Vertrag sofort zur Zahlung f\u00e4llig.<\/p>\n<p>&nbsp;<\/p>\n<ol start=\"6\">\n<li>Lieferbedingungen<\/li>\n<\/ol>\n<p>&nbsp;<\/p>\n<p>6.1. Die Lieferbedingungen, der Liefertermin sowie gegebenenfalls bestehende Lieferbeschr\u00e4nkungen finden sich unter einer entsprechend bezeichneten Schaltfl\u00e4che auf unserer Internetpr\u00e4senz oder im jeweiligen Angebot.<\/p>\n<p>&nbsp;<\/p>\n<p>6.2. Soweit Sie Verbraucher sind, ist gesetzlich geregelt, dass die Gefahr des zuf\u00e4lligen Untergangs und der zuf\u00e4lligen Verschlechterung der verkauften Sache w\u00e4hrend der Versendung erst mit der \u00dcbergabe der Ware an Sie \u00fcbergeht, unabh\u00e4ngig davon, ob die Versendung versichert oder unversichert erfolgt. Dies gilt nicht, wenn Sie eigenst\u00e4ndig ein nicht vom Unternehmer benanntes Transportunternehmen oder eine sonst zur Ausf\u00fchrung der Versendung bestimmte Person beauftragt haben.<\/p>\n<p>&nbsp;<\/p>\n<p>Sind Sie Unternehmer, erfolgt die Lieferung und Versendung auf Ihre Gefahr.<\/p>\n<p>&nbsp;<\/p>\n<ol start=\"7\">\n<li>Gesetzliches M\u00e4ngelhaftungsrecht<\/li>\n<\/ol>\n<p>&nbsp;<\/p>\n<p>Die M\u00e4ngelhaftung richtet sich nach der Regelung &#8222;Gew\u00e4hrleistung&#8220; in unseren Allgemeinen Gesch\u00e4ftsbedingungen (Teil I).<\/p>\n<p>&nbsp;<\/p>\n<p>Diese AGB und Kundeninformationen wurden von den auf IT-Recht spezialisierten Juristen des H\u00e4ndlerbundes erstellt und werden permanent auf Rechtskonformit\u00e4t gepr\u00fcft. Die H\u00e4ndlerbund Management AG garantiert f\u00fcr die Rechtssicherheit der Texte und haftet im Falle von Abmahnungen. N\u00e4here Informationen dazu finden Sie unter: https:\/\/www.haendlerbund.de\/de\/leistungen\/rechtssicherheit\/agb-service (https:\/\/www.haendlerbund.de\/de\/leistungen\/rechtssicherheit\/agb-service).<\/p>\n<p>&nbsp;<\/p>\n<p>letzte Aktualisierung: 22.10.2024<\/p>\n<\/div>\n<p>&nbsp;<\/p>\n<h6>Zahlung und Versand<\/h6>\n<p>Es gelten folgende Bedingungen:<\/p>\n<p>Versandbedingungen<\/p>\n<p>Die Lieferung erfolgt nur im Inland (Deutschland).<\/p>\n<p>Versandkosten (inklusive gesetzliche Mehrwertsteuer)<\/p>\n<p>Wir berechnen die Versandkosten je nach Gr\u00f6\u00dfe und Gewicht der Bestellung.<\/p>\n<p>Lieferfristen<\/p>\n<p>Soweit im jeweiligen Angebot keine andere Frist angegeben ist, erfolgt die Lieferung der Ware im Inland (Deutschland) innerhalb von 10 &#8211; 14 Tagen nach Vertragsschluss (bei vereinbarter Vorauszahlung nach dem Zeitpunkt Ihrer Zahlungsanweisung).<br \/>\nBeachten Sie, dass an Sonn- und Feiertagen keine Zustellung erfolgt.<br \/>\nHaben Sie Artikel mit unterschiedlichen Lieferzeiten bestellt, versenden wir die Ware in einer gemeinsamen Sendung, sofern wir keine abweichenden Vereinbarungen mit Ihnen getroffen haben. Die Lieferzeit bestimmt sich in diesem Fall nach dem Artikel mit der l\u00e4ngstenLieferzeit den Sie bestellt haben.<\/p>\n<p>Akzeptierte Zahlungsm\u00f6glichkeiten<\/p>\n<p>&#8211; Vorkasse per \u00dcberweisung<\/p>\n<p>Bei Fragen finden Sie unsere Kontaktdaten im Impressum<\/p>\n<h6 class=\"textLayer\">Widerrufsrecht f\u00fcr Verbraucher<\/h6>\n<div class=\"textLayer\">(Verbraucher ist jede nat\u00fcrliche Person, die ein Rechtsgesch\u00e4ft zu Zwecken abschlie\u00dft, die \u00fcberwiegend weder ihrer gewerblichen noch ihrer selbstst\u00e4ndigen beruflichen T\u00e4tigkeit zugerechnet werden k\u00f6nnen.)<\/div>\n<div><\/div>\n<div class=\"textLayer\">Widerrufsbelehrung<\/div>\n<div><\/div>\n<div class=\"textLayer\">Widerrufsrecht<\/div>\n<div><\/div>\n<div class=\"textLayer\">Sie haben das Recht, binnen 14 Tagen ohne Angabe von Gr\u00fcnden diesen Vertrag zu widerrufen. Die Widerrufsfrist betr\u00e4gt 14 Tage ab dem Tag,<\/div>\n<div><\/div>\n<div class=\"textLayer\">&#8211; an dem Sie oder ein von Ihnen benannter Dritter, der nicht der Bef\u00f6rderer ist, die Waren in Besitz genommen haben bzw. hat, sofern Sie eine oder mehrere Waren im Rahmen einer einheitlichen Bestellung bestellt haben und diese einheitlich geliefert wird bzw. werden;<\/div>\n<div><\/div>\n<div class=\"textLayer\">&#8211; an dem Sie oder ein von Ihnen benannter Dritter, der nicht der Bef\u00f6rderer ist, die letzte Ware in Besitz genommen haben bzw. hat, sofern Sie mehrere Waren im Rahmen einer einheitlichen Bestellung bestellt haben und diese getrennt geliefert werden;<\/div>\n<div><\/div>\n<div class=\"textLayer\">&#8211; an dem Sie oder ein von Ihnen benannter Dritter, der nicht der Bef\u00f6rderer ist, die letzte Teilsendung oder das letzte St\u00fcck in Besitzgenommen haben bzw. hat, sofern Sie eine Ware bestellt haben, die in mehreren Teilsendungen oder St\u00fccken geliefert wird;<\/div>\n<div><\/div>\n<div class=\"textLayer\">Um Ihr Widerrufsrecht auszu\u00fcben, m\u00fcssen Sie uns (Marc Saucke, S\u00fclzburgstra\u00dfe 174, 50937 K\u00f6ln, Telefonnr.: 0221\/2829515, E-Mail-Adresse: marc.saucke@arcor.de) mittels einer eindeutigen Erkl\u00e4rung (z.B. ein mit der Post versandter Brief, Telefax oder E-Mail) \u00fcber Ihren Entschluss, diesen Vertrag zu widerrufen, informieren. Sie k\u00f6nnen daf\u00fcr das beigef\u00fcgte Muster-Widerrufsformular verwenden, das jedoch nicht vorgeschrieben ist.<\/div>\n<div><\/div>\n<div>\n<p>Sie k\u00f6nnen das Muster-Widerrufsformular oder eine andere eindeutige Erkl\u00e4rung auch auf unserer Webseite (www.millbrooks.de) elektronisch ausf\u00fcllen und \u00fcbermitteln. Machen Sie von dieser M\u00f6glichkeit Gebrauch, so werden wir Ihnen unverz\u00fcglich (z.B. per E-Mail) eine Best\u00e4tigung \u00fcber den Eingang eines solchen Widerrufs \u00fcbermitteln.<\/p>\n<\/div>\n<div class=\"textLayer\">Zur Wahrung der Widerrufsfrist reicht es aus, dass Sie die Mitteilung \u00fcber die Aus\u00fcbung des Widerrufsrechts vor Ablauf der Widerrufsfrist absenden.<\/div>\n<div><\/div>\n<div class=\"textLayer\">Folgen des Widerrufs<\/div>\n<div><\/div>\n<div class=\"textLayer\">Wenn Sie diesen Vertrag widerrufen, haben wir Ihnen alle Zahlungen, die wir von Ihnen erhalten haben, einschlie\u00dflich der Lieferkosten (mit Ausnahme der zus\u00e4tzlichen Kosten, die sich daraus ergeben, dass Sie eine andere Art der Lieferung als die von uns angebotene, g\u00fcnstigste Standardlieferung gew\u00e4hlt haben), unverz\u00fcglich und sp\u00e4testens binnen 14 Tagen ab dem Tag zur\u00fcckzuzahlen, an dem die Mitteilung \u00fcber Ihren Widerruf dieses Vertrags bei uns eingegangen ist. F\u00fcr diese R\u00fcckzahlung verwenden wir dasselbe Zahlungsmittel, das Sie bei der urspr\u00fcnglichen Transaktion eingesetzt haben, es sei denn, mit Ihnen wurde ausdr\u00fccklich etwas anderes vereinbart; in keinem Fall werden Ihnen wegen dieser R\u00fcckzahlung Entgelte berechnet.<\/div>\n<div><\/div>\n<div class=\"textLayer\">Wir k\u00f6nnen die R\u00fcckzahlung verweigern, bis wir die Waren wieder zur\u00fcckerhalten haben oder bis Sie den Nachweis erbracht haben, dass Sie die Waren zur\u00fcckgesandt haben, je nachdem, welches der fr\u00fchere Zeitpunkt ist.<\/div>\n<div><\/div>\n<div class=\"textLayer\">Sie haben die Waren unverz\u00fcglich und in jedem Fall sp\u00e4testens binnen 14 Tagen ab dem Tag, an dem Sie uns \u00fcber den Widerruf dieses Vertrags unterrichten, an uns zur\u00fcckzusenden oder zu \u00fcbergeben. Die Frist ist gewahrt, wenn Sie die Waren vor Ablauf der Frist von 14 Tagen absenden.<\/div>\n<div><\/div>\n<div class=\"textLayer\">Sie tragen die unmittelbaren Kosten der R\u00fccksendung paketversandf\u00e4higer Waren sowie die unmittelbaren Kosten der R\u00fccksendung nichtpaketversandf\u00e4higer Waren. Die Kosten f\u00fcr nicht paketversandf\u00e4hige Waren werden auf h\u00f6chstens etwa EUR gesch\u00e4tzt.<\/div>\n<div><\/div>\n<div class=\"textLayer\">Sie m\u00fcssen f\u00fcr einen etwaigen Wertverlust der Waren nur aufkommen, wenn dieser Wertverlust auf einen zur Pr\u00fcfung der Beschaffenheit, Eigenschaften und Funktionsweise der Waren nicht notwendigen Umgang mit ihnen zur\u00fcckzuf\u00fchren ist.<\/div>\n<div><\/div>\n<div class=\"textLayer\">Ausschluss- bzw. Erl\u00f6schensgr\u00fcnde<\/div>\n<div><\/div>\n<div class=\"textLayer\">Das Widerrufsrecht besteht nicht bei Vertr\u00e4gen<\/div>\n<div><\/div>\n<div class=\"textLayer\">&#8211; zur Lieferung von Waren, die nicht vorgefertigt sind und f\u00fcr deren Herstellung eine individuelle Auswahl oder Bestimmung durch den Verbraucher ma\u00dfgeblich ist oder die eindeutig auf die pers\u00f6nlichen Bed\u00fcrfnisse des Verbrauchers zugeschnitten sind;<\/div>\n<div><\/div>\n<div class=\"textLayer\">&#8211; zur Lieferung von Waren, die schnell verderben k\u00f6nnen oder deren Verfallsdatum schnell \u00fcberschritten w\u00fcrde;<\/div>\n<div><\/div>\n<div class=\"textLayer\">&#8211; zur Lieferung alkoholischer Getr\u00e4nke, deren Preis bei Vertragsschluss vereinbart wurde, die aber fr\u00fchestens 30 Tage nach Vertragsschluss geliefert werden k\u00f6nnen und deren aktueller Wert von Schwankungen auf dem Markt abh\u00e4ngt, auf die der Unternehmerkeinen Einfluss hat;<\/div>\n<div><\/div>\n<div class=\"textLayer\">&#8211; zur Lieferung von Zeitungen, Zeitschriften oder Illustrierten mit Ausnahme von Abonnement-Vertr\u00e4gen.<\/div>\n<div><\/div>\n<div class=\"textLayer\">Das Widerrufsrecht erlischt vorzeitig bei Vertr\u00e4gen<\/div>\n<div><\/div>\n<div class=\"textLayer\">&#8211; zur Lieferung versiegelter Waren, die aus Gr\u00fcnden des Gesundheitsschutzes oder der Hygiene nicht zur R\u00fcckgabe geeignet sind, wenn ihre Versiegelung nach der Lieferung entfernt wurde;<\/div>\n<div><\/div>\n<div class=\"textLayer\">&#8211; zur Lieferung von Waren, wenn diese nach der Lieferung aufgrund ihrer Beschaffenheit untrennbar mit anderen G\u00fctern vermischt wurden;<\/div>\n<div><\/div>\n<div class=\"textLayer\">&#8211; zur Lieferung von Ton- oder Videoaufnahmen oder Computersoftware in einer versiegelten Packung, wenn die Versiegelung nach der Lieferung entfernt wurde.<\/div>\n<div><\/div>\n<h6 class=\"textLayer\">Muster-Widerrufsformular<\/h6>\n<div class=\"textLayer\">(Wenn Sie den Vertrag widerrufen wollen, dann f\u00fcllen Sie bitte dieses Formular aus und senden Sie es zur\u00fcck.)<\/div>\n<div><\/div>\n<div class=\"textLayer\">&#8211; An Marc Saucke, S\u00fclzburgstra\u00dfe 174, 50937 K\u00f6ln,E-Mail-Adresse: marc.saucke@arcor.de :<\/div>\n<div><\/div>\n<div class=\"textLayer\">&#8211; Hiermit widerrufe(n) ich\/ wir (*) den von mir\/ uns (*) abgeschlossenen Vertrag \u00fcber den Kauf der folgenden Waren (*)\/ die Erbringung der<\/div>\n<div class=\"textLayer\">folgenden Dienstleistung (*)<\/div>\n<div><\/div>\n<div class=\"textLayer\">&#8211; Bestellt am (*)\/ erhalten am (*)<\/div>\n<div class=\"canvasWrapper\"><\/div>\n<p>&#8211; Name des\/ der Verbraucher(s)<br \/>\n&#8211; Anschrift des\/ der Verbraucher(s)<br \/>\n&#8211; Unterschrift des\/ der Verbraucher(s) (nur bei Mitteilung auf Papier)<br \/>\n&#8211; Datum<\/p>\n<p>(*) Unzutreffendes streichen.<\/p>\n","protected":false},"excerpt":{"rendered":"<p>Allgemeine Gesch\u00e4ftsbedingungen und Kundeninformationen &nbsp; Allgemeine Gesch\u00e4ftsbedingungen &nbsp; 1 Grundlegende Bestimmungen &nbsp; (1) Die nachstehenden Gesch\u00e4ftsbedingungen gelten f\u00fcr Vertr\u00e4ge, die Sie mit uns als Anbieter (Marc Saucke) \u00fcber die Internetseite www.millbrooks.de schlie\u00dfen. Soweit nicht anders vereinbart, wird der Einbeziehung gegebenenfalls von Ihnen verwendeter eigener Bedingungen widersprochen. &nbsp; (2) Verbraucher im Sinne der nachstehenden Regelungen ist &hellip; <a href=\"https:\/\/www.millbrooks.de\/?page_id=231\" class=\"more-link\"><span class=\"screen-reader-text\">AGB und Kundeninformationen, Zahlung und Versand, Widerrufsrecht f\u00fcr Verbraucher<\/span> weiterlesen <span class=\"meta-nav\">&rarr;<\/span><\/a><\/p>\n","protected":false},"author":2,"featured_media":0,"parent":0,"menu_order":0,"comment_status":"closed","ping_status":"closed","template":"","meta":{"footnotes":""},"class_list":["post-231","page","type-page","status-publish","hentry"],"_links":{"self":[{"href":"https:\/\/www.millbrooks.de\/index.php?rest_route=\/wp\/v2\/pages\/231","targetHints":{"allow":["GET"]}}],"collection":[{"href":"https:\/\/www.millbrooks.de\/index.php?rest_route=\/wp\/v2\/pages"}],"about":[{"href":"https:\/\/www.millbrooks.de\/index.php?rest_route=\/wp\/v2\/types\/page"}],"author":[{"embeddable":true,"href":"https:\/\/www.millbrooks.de\/index.php?rest_route=\/wp\/v2\/users\/2"}],"replies":[{"embeddable":true,"href":"https:\/\/www.millbrooks.de\/index.php?rest_route=%2Fwp%2Fv2%2Fcomments&post=231"}],"version-history":[{"count":16,"href":"https:\/\/www.millbrooks.de\/index.php?rest_route=\/wp\/v2\/pages\/231\/revisions"}],"predecessor-version":[{"id":108011,"href":"https:\/\/www.millbrooks.de\/index.php?rest_route=\/wp\/v2\/pages\/231\/revisions\/108011"}],"wp:attachment":[{"href":"https:\/\/www.millbrooks.de\/index.php?rest_route=%2Fwp%2Fv2%2Fmedia&parent=231"}],"curies":[{"name":"wp","href":"https:\/\/api.w.org\/{rel}","templated":true}]}}