{"id":2145,"date":"2015-02-02T22:43:53","date_gmt":"2015-02-02T20:43:53","guid":{"rendered":"https:\/\/www.millbrooks.de\/?page_id=2145"},"modified":"2025-10-07T18:02:10","modified_gmt":"2025-10-07T16:02:10","slug":"sonstiges","status":"publish","type":"page","link":"https:\/\/www.millbrooks.de\/?page_id=2145","title":{"rendered":"Sonstiges &#8211; Miscellaneous"},"content":{"rendered":"<p><strong>Sonstiges &#8211; im \u00dcberblick<\/strong><\/p>\n<div id='gallery-1' class='gallery galleryid-2145 gallery-columns-3 gallery-size-thumbnail'><figure class='gallery-item'>\n\t\t\t<div class='gallery-icon landscape'>\n\t\t\t\t<a href='https:\/\/www.millbrooks.de\/wp-content\/uploads\/2022\/05\/IMG_6530-1-4-scaled.jpg'><img loading=\"lazy\" decoding=\"async\" width=\"150\" height=\"150\" src=\"https:\/\/www.millbrooks.de\/wp-content\/uploads\/2022\/05\/IMG_6530-1-4-150x150.jpg\" class=\"attachment-thumbnail size-thumbnail\" alt=\"S1\u00a0 - Zahlteller f\u00fcr Ladentheke, 50er Jahre, Bakelit, Werbung: baffli-Gummilitze\" aria-describedby=\"gallery-1-85305\" \/><\/a>\n\t\t\t<\/div>\n\t\t\t\t<figcaption class='wp-caption-text gallery-caption' id='gallery-1-85305'>\n\t\t\t\tS1\u00a0 &#8211; Zahlteller f\u00fcr Ladentheke, 50er Jahre, Bakelit, Werbung: baffli-Gummilitze\n\t\t\t\t<\/figcaption><\/figure><figure class='gallery-item'>\n\t\t\t<div class='gallery-icon landscape'>\n\t\t\t\t<a href='https:\/\/www.millbrooks.de\/wp-content\/uploads\/2017\/07\/IMG_3258.jpg'><img loading=\"lazy\" decoding=\"async\" width=\"150\" height=\"150\" src=\"https:\/\/www.millbrooks.de\/wp-content\/uploads\/2017\/07\/IMG_3258-150x150.jpg\" class=\"attachment-thumbnail size-thumbnail\" alt=\"\" aria-describedby=\"gallery-1-23276\" \/><\/a>\n\t\t\t<\/div>\n\t\t\t\t<figcaption class='wp-caption-text gallery-caption' id='gallery-1-23276'>\n\t\t\t\tS6 &#8211; Waschgeschirr, vernickelt, Jugendstil, 4tlg.\n\t\t\t\t<\/figcaption><\/figure><figure class='gallery-item'>\n\t\t\t<div class='gallery-icon landscape'>\n\t\t\t\t<a href='https:\/\/www.millbrooks.de\/wp-content\/uploads\/2017\/07\/IMG_0973.jpg'><img loading=\"lazy\" decoding=\"async\" width=\"150\" height=\"150\" src=\"https:\/\/www.millbrooks.de\/wp-content\/uploads\/2017\/07\/IMG_0973-150x150.jpg\" class=\"attachment-thumbnail size-thumbnail\" alt=\"\" aria-describedby=\"gallery-1-23182\" \/><\/a>\n\t\t\t<\/div>\n\t\t\t\t<figcaption class='wp-caption-text gallery-caption' id='gallery-1-23182'>\n\t\t\t\tS7 &#8211; Kinderwagen, 30er\/40er Jahre, bez. D.R.G.M.\n\t\t\t\t<\/figcaption><\/figure>\n\t\t<\/div>\n\n<p>&nbsp;<\/p>\n<div id='gallery-2' class='gallery galleryid-2145 gallery-columns-3 gallery-size-thumbnail'><figure class='gallery-item'>\n\t\t\t<div class='gallery-icon landscape'>\n\t\t\t\t<a href='https:\/\/www.millbrooks.de\/wp-content\/uploads\/2022\/05\/IMG_6530-1-4-scaled.jpg'><img loading=\"lazy\" decoding=\"async\" width=\"150\" height=\"150\" src=\"https:\/\/www.millbrooks.de\/wp-content\/uploads\/2022\/05\/IMG_6530-1-4-150x150.jpg\" class=\"attachment-thumbnail size-thumbnail\" alt=\"S1\u00a0 - Zahlteller f\u00fcr Ladentheke, 50er Jahre, Bakelit, Werbung: baffli-Gummilitze\" aria-describedby=\"gallery-2-85305\" \/><\/a>\n\t\t\t<\/div>\n\t\t\t\t<figcaption class='wp-caption-text gallery-caption' id='gallery-2-85305'>\n\t\t\t\tS1\u00a0 &#8211; Zahlteller f\u00fcr Ladentheke, 50er Jahre, Bakelit, Werbung: baffli-Gummilitze\n\t\t\t\t<\/figcaption><\/figure><figure class='gallery-item'>\n\t\t\t<div class='gallery-icon landscape'>\n\t\t\t\t<a href='https:\/\/www.millbrooks.de\/wp-content\/uploads\/2022\/05\/IMG_6530-1-1-scaled.jpg'><img loading=\"lazy\" decoding=\"async\" width=\"150\" height=\"150\" src=\"https:\/\/www.millbrooks.de\/wp-content\/uploads\/2022\/05\/IMG_6530-1-1-150x150.jpg\" class=\"attachment-thumbnail size-thumbnail\" alt=\"\" \/><\/a>\n\t\t\t<\/div><\/figure><figure class='gallery-item'>\n\t\t\t<div class='gallery-icon landscape'>\n\t\t\t\t<a href='https:\/\/www.millbrooks.de\/wp-content\/uploads\/2022\/05\/IMG_6530-1-2-scaled.jpg'><img loading=\"lazy\" decoding=\"async\" width=\"150\" height=\"150\" src=\"https:\/\/www.millbrooks.de\/wp-content\/uploads\/2022\/05\/IMG_6530-1-2-150x150.jpg\" class=\"attachment-thumbnail size-thumbnail\" alt=\"\" \/><\/a>\n\t\t\t<\/div><\/figure><figure class='gallery-item'>\n\t\t\t<div class='gallery-icon landscape'>\n\t\t\t\t<a href='https:\/\/www.millbrooks.de\/wp-content\/uploads\/2022\/05\/IMG_6530-1-3-scaled.jpg'><img loading=\"lazy\" decoding=\"async\" width=\"150\" height=\"150\" src=\"https:\/\/www.millbrooks.de\/wp-content\/uploads\/2022\/05\/IMG_6530-1-3-150x150.jpg\" class=\"attachment-thumbnail size-thumbnail\" alt=\"\" \/><\/a>\n\t\t\t<\/div><\/figure><figure class='gallery-item'>\n\t\t\t<div class='gallery-icon landscape'>\n\t\t\t\t<a href='https:\/\/www.millbrooks.de\/wp-content\/uploads\/2022\/05\/IMG_6530-1-8-scaled.jpg'><img loading=\"lazy\" decoding=\"async\" width=\"150\" height=\"150\" src=\"https:\/\/www.millbrooks.de\/wp-content\/uploads\/2022\/05\/IMG_6530-1-8-150x150.jpg\" class=\"attachment-thumbnail size-thumbnail\" alt=\"\" \/><\/a>\n\t\t\t<\/div><\/figure><figure class='gallery-item'>\n\t\t\t<div class='gallery-icon landscape'>\n\t\t\t\t<a href='https:\/\/www.millbrooks.de\/wp-content\/uploads\/2022\/05\/IMG_6530-1-10-scaled.jpg'><img loading=\"lazy\" decoding=\"async\" width=\"150\" height=\"150\" src=\"https:\/\/www.millbrooks.de\/wp-content\/uploads\/2022\/05\/IMG_6530-1-10-150x150.jpg\" class=\"attachment-thumbnail size-thumbnail\" alt=\"\" \/><\/a>\n\t\t\t<\/div><\/figure><figure class='gallery-item'>\n\t\t\t<div class='gallery-icon landscape'>\n\t\t\t\t<a href='https:\/\/www.millbrooks.de\/wp-content\/uploads\/2022\/05\/IMG_6530-1-7-scaled.jpg'><img loading=\"lazy\" decoding=\"async\" width=\"150\" height=\"150\" src=\"https:\/\/www.millbrooks.de\/wp-content\/uploads\/2022\/05\/IMG_6530-1-7-150x150.jpg\" class=\"attachment-thumbnail size-thumbnail\" alt=\"\" \/><\/a>\n\t\t\t<\/div><\/figure><figure class='gallery-item'>\n\t\t\t<div class='gallery-icon landscape'>\n\t\t\t\t<a href='https:\/\/www.millbrooks.de\/wp-content\/uploads\/2022\/05\/IMG_6530-1-6-scaled.jpg'><img loading=\"lazy\" decoding=\"async\" width=\"150\" height=\"150\" src=\"https:\/\/www.millbrooks.de\/wp-content\/uploads\/2022\/05\/IMG_6530-1-6-150x150.jpg\" class=\"attachment-thumbnail size-thumbnail\" alt=\"\" \/><\/a>\n\t\t\t<\/div><\/figure><figure class='gallery-item'>\n\t\t\t<div class='gallery-icon landscape'>\n\t\t\t\t<a href='https:\/\/www.millbrooks.de\/wp-content\/uploads\/2022\/05\/IMG_6530-1-9-scaled.jpg'><img loading=\"lazy\" decoding=\"async\" width=\"150\" height=\"150\" src=\"https:\/\/www.millbrooks.de\/wp-content\/uploads\/2022\/05\/IMG_6530-1-9-150x150.jpg\" class=\"attachment-thumbnail size-thumbnail\" alt=\"\" \/><\/a>\n\t\t\t<\/div><\/figure><figure class='gallery-item'>\n\t\t\t<div class='gallery-icon landscape'>\n\t\t\t\t<a href='https:\/\/www.millbrooks.de\/wp-content\/uploads\/2022\/05\/IMG_6530-1-11-scaled.jpg'><img loading=\"lazy\" decoding=\"async\" width=\"150\" height=\"150\" src=\"https:\/\/www.millbrooks.de\/wp-content\/uploads\/2022\/05\/IMG_6530-1-11-150x150.jpg\" class=\"attachment-thumbnail size-thumbnail\" alt=\"\" \/><\/a>\n\t\t\t<\/div><\/figure><figure class='gallery-item'>\n\t\t\t<div class='gallery-icon landscape'>\n\t\t\t\t<a href='https:\/\/www.millbrooks.de\/wp-content\/uploads\/2022\/05\/IMG_6530-1-14-scaled.jpg'><img loading=\"lazy\" decoding=\"async\" width=\"150\" height=\"150\" src=\"https:\/\/www.millbrooks.de\/wp-content\/uploads\/2022\/05\/IMG_6530-1-14-150x150.jpg\" class=\"attachment-thumbnail size-thumbnail\" alt=\"\" \/><\/a>\n\t\t\t<\/div><\/figure><figure class='gallery-item'>\n\t\t\t<div class='gallery-icon landscape'>\n\t\t\t\t<a href='https:\/\/www.millbrooks.de\/wp-content\/uploads\/2022\/05\/IMG_6530-1-13-scaled.jpg'><img loading=\"lazy\" decoding=\"async\" width=\"150\" height=\"150\" src=\"https:\/\/www.millbrooks.de\/wp-content\/uploads\/2022\/05\/IMG_6530-1-13-150x150.jpg\" class=\"attachment-thumbnail size-thumbnail\" alt=\"\" \/><\/a>\n\t\t\t<\/div><\/figure><figure class='gallery-item'>\n\t\t\t<div class='gallery-icon landscape'>\n\t\t\t\t<a href='https:\/\/www.millbrooks.de\/wp-content\/uploads\/2022\/05\/IMG_6530-1-15-scaled.jpg'><img loading=\"lazy\" decoding=\"async\" width=\"150\" height=\"150\" src=\"https:\/\/www.millbrooks.de\/wp-content\/uploads\/2022\/05\/IMG_6530-1-15-150x150.jpg\" class=\"attachment-thumbnail size-thumbnail\" alt=\"\" \/><\/a>\n\t\t\t<\/div><\/figure><figure class='gallery-item'>\n\t\t\t<div class='gallery-icon landscape'>\n\t\t\t\t<a href='https:\/\/www.millbrooks.de\/wp-content\/uploads\/2022\/05\/IMG_6530-1-16-scaled.jpg'><img loading=\"lazy\" decoding=\"async\" width=\"150\" height=\"150\" src=\"https:\/\/www.millbrooks.de\/wp-content\/uploads\/2022\/05\/IMG_6530-1-16-150x150.jpg\" class=\"attachment-thumbnail size-thumbnail\" alt=\"\" \/><\/a>\n\t\t\t<\/div><\/figure><figure class='gallery-item'>\n\t\t\t<div class='gallery-icon landscape'>\n\t\t\t\t<a href='https:\/\/www.millbrooks.de\/wp-content\/uploads\/2022\/05\/IMG_6530-1-17-scaled.jpg'><img loading=\"lazy\" decoding=\"async\" width=\"150\" height=\"150\" src=\"https:\/\/www.millbrooks.de\/wp-content\/uploads\/2022\/05\/IMG_6530-1-17-150x150.jpg\" class=\"attachment-thumbnail size-thumbnail\" alt=\"\" \/><\/a>\n\t\t\t<\/div><\/figure><figure class='gallery-item'>\n\t\t\t<div class='gallery-icon landscape'>\n\t\t\t\t<a href='https:\/\/www.millbrooks.de\/wp-content\/uploads\/2022\/05\/IMG_6530-1-20-scaled.jpg'><img loading=\"lazy\" decoding=\"async\" width=\"150\" height=\"150\" src=\"https:\/\/www.millbrooks.de\/wp-content\/uploads\/2022\/05\/IMG_6530-1-20-150x150.jpg\" class=\"attachment-thumbnail size-thumbnail\" alt=\"\" \/><\/a>\n\t\t\t<\/div><\/figure>\n\t\t<\/div>\n\n<p>S1\u00a0 &#8211; Zahlteller f\u00fcr Ladentheke, 50er Jahre, Bakelit, Werbung: baffli-Gummilitze<\/p>\n<p>Ein Zahltelller aus Bakelit mit der Werbeaufschrift:\u00a0 &#8230;. und noch eine baffli-Gummilitze.<br \/>\nDer Zahlteller konnte mit Ware &#8222;baffli-P\u00e4ckchen&#8220; best\u00fcckt werden.<br \/>\nMittels eines Hebels wurden die P\u00e4ckchen ausgeworfen. Durch das \u00d6ffnen der Sichtscheibe konnte man wieder nachf\u00fcllen.<\/p>\n<p>Er ist unterseitig bezeichnet mit baff Wuppertal und einer Beschreibung, wie der Zahlteller damals zu nutzen war.<\/p>\n<p>Breite 33 cm<br \/>\nH\u00f6he 6 cm<br \/>\nTiefe 23 cm, Schale 11 cm<\/p>\n<p>Die Pappe der Eins\u00e4tze mit der Beschriftung &#8222;Bitte baffli nachf\u00fcllen! ist leicht fleckig.<\/p>\n<div class=\"mceTemp\"><\/div>\n<div id='gallery-3' class='gallery galleryid-2145 gallery-columns-3 gallery-size-thumbnail'><figure class='gallery-item'>\n\t\t\t<div class='gallery-icon landscape'>\n\t\t\t\t<a href='https:\/\/www.millbrooks.de\/wp-content\/uploads\/2017\/07\/IMG_3259.jpg'><img loading=\"lazy\" decoding=\"async\" width=\"150\" height=\"150\" src=\"https:\/\/www.millbrooks.de\/wp-content\/uploads\/2017\/07\/IMG_3259-150x150.jpg\" class=\"attachment-thumbnail size-thumbnail\" alt=\"S6 - Waschgeschirr 4 tlg., vernickelt, Jugendstil, vor 1900, Deutschland\" aria-describedby=\"gallery-3-23277\" \/><\/a>\n\t\t\t<\/div>\n\t\t\t\t<figcaption class='wp-caption-text gallery-caption' id='gallery-3-23277'>\n\t\t\t\tS6 &#8211; Waschgeschirr 4 tlg., vernickelt, Jugendstil, vor 1900, Deutschland\n\t\t\t\t<\/figcaption><\/figure><figure class='gallery-item'>\n\t\t\t<div class='gallery-icon landscape'>\n\t\t\t\t<a href='https:\/\/www.millbrooks.de\/wp-content\/uploads\/2017\/07\/IMG_3258.jpg'><img loading=\"lazy\" decoding=\"async\" width=\"150\" height=\"150\" src=\"https:\/\/www.millbrooks.de\/wp-content\/uploads\/2017\/07\/IMG_3258-150x150.jpg\" class=\"attachment-thumbnail size-thumbnail\" alt=\"\" aria-describedby=\"gallery-3-23276\" \/><\/a>\n\t\t\t<\/div>\n\t\t\t\t<figcaption class='wp-caption-text gallery-caption' id='gallery-3-23276'>\n\t\t\t\tS6 &#8211; Waschgeschirr, vernickelt, Jugendstil, 4tlg.\n\t\t\t\t<\/figcaption><\/figure><figure class='gallery-item'>\n\t\t\t<div class='gallery-icon landscape'>\n\t\t\t\t<a href='https:\/\/www.millbrooks.de\/wp-content\/uploads\/2017\/07\/IMG_3253.jpg'><img loading=\"lazy\" decoding=\"async\" width=\"150\" height=\"150\" src=\"https:\/\/www.millbrooks.de\/wp-content\/uploads\/2017\/07\/IMG_3253-150x150.jpg\" class=\"attachment-thumbnail size-thumbnail\" alt=\"\" \/><\/a>\n\t\t\t<\/div><\/figure><figure class='gallery-item'>\n\t\t\t<div class='gallery-icon landscape'>\n\t\t\t\t<a href='https:\/\/www.millbrooks.de\/wp-content\/uploads\/2017\/07\/IMG_3252.jpg'><img loading=\"lazy\" decoding=\"async\" width=\"150\" height=\"150\" src=\"https:\/\/www.millbrooks.de\/wp-content\/uploads\/2017\/07\/IMG_3252-150x150.jpg\" class=\"attachment-thumbnail size-thumbnail\" alt=\"\" \/><\/a>\n\t\t\t<\/div><\/figure><figure class='gallery-item'>\n\t\t\t<div class='gallery-icon landscape'>\n\t\t\t\t<a href='https:\/\/www.millbrooks.de\/wp-content\/uploads\/2017\/07\/IMG_3249.jpg'><img loading=\"lazy\" decoding=\"async\" width=\"150\" height=\"150\" src=\"https:\/\/www.millbrooks.de\/wp-content\/uploads\/2017\/07\/IMG_3249-150x150.jpg\" class=\"attachment-thumbnail size-thumbnail\" alt=\"\" \/><\/a>\n\t\t\t<\/div><\/figure><figure class='gallery-item'>\n\t\t\t<div class='gallery-icon landscape'>\n\t\t\t\t<a href='https:\/\/www.millbrooks.de\/wp-content\/uploads\/2017\/07\/IMG_3254.jpg'><img loading=\"lazy\" decoding=\"async\" width=\"150\" height=\"150\" src=\"https:\/\/www.millbrooks.de\/wp-content\/uploads\/2017\/07\/IMG_3254-150x150.jpg\" class=\"attachment-thumbnail size-thumbnail\" alt=\"\" \/><\/a>\n\t\t\t<\/div><\/figure><figure class='gallery-item'>\n\t\t\t<div class='gallery-icon landscape'>\n\t\t\t\t<a href='https:\/\/www.millbrooks.de\/wp-content\/uploads\/2017\/07\/IMG_3247.jpg'><img loading=\"lazy\" decoding=\"async\" width=\"150\" height=\"150\" src=\"https:\/\/www.millbrooks.de\/wp-content\/uploads\/2017\/07\/IMG_3247-150x150.jpg\" class=\"attachment-thumbnail size-thumbnail\" alt=\"\" \/><\/a>\n\t\t\t<\/div><\/figure><figure class='gallery-item'>\n\t\t\t<div class='gallery-icon landscape'>\n\t\t\t\t<a href='https:\/\/www.millbrooks.de\/wp-content\/uploads\/2017\/07\/IMG_3246.jpg'><img loading=\"lazy\" decoding=\"async\" width=\"150\" height=\"150\" src=\"https:\/\/www.millbrooks.de\/wp-content\/uploads\/2017\/07\/IMG_3246-150x150.jpg\" class=\"attachment-thumbnail size-thumbnail\" alt=\"\" \/><\/a>\n\t\t\t<\/div><\/figure><figure class='gallery-item'>\n\t\t\t<div class='gallery-icon landscape'>\n\t\t\t\t<a href='https:\/\/www.millbrooks.de\/wp-content\/uploads\/2017\/07\/IMG_3248.jpg'><img loading=\"lazy\" decoding=\"async\" width=\"150\" height=\"150\" src=\"https:\/\/www.millbrooks.de\/wp-content\/uploads\/2017\/07\/IMG_3248-150x150.jpg\" class=\"attachment-thumbnail size-thumbnail\" alt=\"\" \/><\/a>\n\t\t\t<\/div><\/figure><figure class='gallery-item'>\n\t\t\t<div class='gallery-icon landscape'>\n\t\t\t\t<a href='https:\/\/www.millbrooks.de\/wp-content\/uploads\/2017\/07\/IMG_3257.jpg'><img loading=\"lazy\" decoding=\"async\" width=\"150\" height=\"150\" src=\"https:\/\/www.millbrooks.de\/wp-content\/uploads\/2017\/07\/IMG_3257-150x150.jpg\" class=\"attachment-thumbnail size-thumbnail\" alt=\"\" \/><\/a>\n\t\t\t<\/div><\/figure><figure class='gallery-item'>\n\t\t\t<div class='gallery-icon landscape'>\n\t\t\t\t<a href='https:\/\/www.millbrooks.de\/wp-content\/uploads\/2017\/07\/IMG_3255.jpg'><img loading=\"lazy\" decoding=\"async\" width=\"150\" height=\"150\" src=\"https:\/\/www.millbrooks.de\/wp-content\/uploads\/2017\/07\/IMG_3255-150x150.jpg\" class=\"attachment-thumbnail size-thumbnail\" alt=\"\" \/><\/a>\n\t\t\t<\/div><\/figure><figure class='gallery-item'>\n\t\t\t<div class='gallery-icon landscape'>\n\t\t\t\t<a href='https:\/\/www.millbrooks.de\/wp-content\/uploads\/2017\/07\/IMG_3256.jpg'><img loading=\"lazy\" decoding=\"async\" width=\"150\" height=\"150\" src=\"https:\/\/www.millbrooks.de\/wp-content\/uploads\/2017\/07\/IMG_3256-150x150.jpg\" class=\"attachment-thumbnail size-thumbnail\" alt=\"\" \/><\/a>\n\t\t\t<\/div><\/figure>\n\t\t<\/div>\n\n<p>S6 &#8211; Waschgeschirr 4 tlg., vernickelt, Jugendstil, vor 1900, Deutschland<\/p>\n<p>Eine seltenes Waschgeschirr, bestehend aus: gro\u00dfe Sch\u00fcssel, Wasserkrug, ovale Dose mit Deckel, kleine runde Schale, hergestellt vor 1900 in der Zeit des Jugendstils in Deutschland. Selten ist auch die Ausf\u00fchrung in einer vernickelten Oberfl\u00e4che.<br \/>\nF\u00fcr das Alter von weit \u00fcber 100 Jahren befindet sich dieses Set in einem gepflegten und sch\u00f6nen Zustand.<\/p>\n<p>Das Waschgeschirr ist gefertigt aus einer nichtmagnetischen Legierung und wurde verkupfert und im letzten Schritt vernickelt.<\/p>\n<p>gro\u00dfe Sch\u00fcssel<br \/>\nDurchmesser oben 40 cm, Stand 20 cm, H\u00f6he 14 cm<\/p>\n<p>Krug<br \/>\nH\u00f6he 36 cm, Breite mit Griff\/Ausgu\u00df 27 cm<br \/>\nDurchmesser \u00d6ffnung 11,5 cm, Stand 10 cm, maximal 19 cm<\/p>\n<p>Das Waschgeschirr zeigt authentische Spuren der Zeit &#8211; die Vernickelung ist stellenweise berieben, vor allem in der gro\u00dfen Sch\u00fcssel. Der Krug hat am Stand eine gr\u00f6\u00dfere Druckstelle, sonst sind partiell lediglich geringere Druckstellen vorhanden.<\/p>\n<p>kleine rund Schale<br \/>\nDurchmesser oben 12,5 cm, Stand 7 cm, H\u00f6he 5 cm<\/p>\n<p>ovale Schale mit Deckel<br \/>\nBreite 21 cm, Tiefe 8,5 cm, H\u00f6he 5 cm, mit Deckel 10 cm<br \/>\n<div id='gallery-4' class='gallery galleryid-2145 gallery-columns-3 gallery-size-thumbnail'><figure class='gallery-item'>\n\t\t\t<div class='gallery-icon landscape'>\n\t\t\t\t<a href='https:\/\/www.millbrooks.de\/?attachment_id=23182'><img loading=\"lazy\" decoding=\"async\" width=\"150\" height=\"150\" src=\"https:\/\/www.millbrooks.de\/wp-content\/uploads\/2017\/07\/IMG_0973-150x150.jpg\" class=\"attachment-thumbnail size-thumbnail\" alt=\"\" aria-describedby=\"gallery-4-23182\" \/><\/a>\n\t\t\t<\/div>\n\t\t\t\t<figcaption class='wp-caption-text gallery-caption' id='gallery-4-23182'>\n\t\t\t\tS7 &#8211; Kinderwagen, 30er\/40er Jahre, bez. D.R.G.M.\n\t\t\t\t<\/figcaption><\/figure><figure class='gallery-item'>\n\t\t\t<div class='gallery-icon landscape'>\n\t\t\t\t<a href='https:\/\/www.millbrooks.de\/?attachment_id=23181'><img loading=\"lazy\" decoding=\"async\" width=\"150\" height=\"150\" src=\"https:\/\/www.millbrooks.de\/wp-content\/uploads\/2017\/07\/IMG_0972-150x150.jpg\" class=\"attachment-thumbnail size-thumbnail\" alt=\"\" \/><\/a>\n\t\t\t<\/div><\/figure><figure class='gallery-item'>\n\t\t\t<div class='gallery-icon landscape'>\n\t\t\t\t<a href='https:\/\/www.millbrooks.de\/?attachment_id=23173'><img loading=\"lazy\" decoding=\"async\" width=\"150\" height=\"150\" src=\"https:\/\/www.millbrooks.de\/wp-content\/uploads\/2017\/07\/IMG_0962-150x150.jpg\" class=\"attachment-thumbnail size-thumbnail\" alt=\"\" \/><\/a>\n\t\t\t<\/div><\/figure><figure class='gallery-item'>\n\t\t\t<div class='gallery-icon landscape'>\n\t\t\t\t<a href='https:\/\/www.millbrooks.de\/?attachment_id=23175'><img loading=\"lazy\" decoding=\"async\" width=\"150\" height=\"150\" src=\"https:\/\/www.millbrooks.de\/wp-content\/uploads\/2017\/07\/IMG_0964-150x150.jpg\" class=\"attachment-thumbnail size-thumbnail\" alt=\"\" \/><\/a>\n\t\t\t<\/div><\/figure><figure class='gallery-item'>\n\t\t\t<div class='gallery-icon landscape'>\n\t\t\t\t<a href='https:\/\/www.millbrooks.de\/?attachment_id=23183'><img loading=\"lazy\" decoding=\"async\" width=\"150\" height=\"150\" src=\"https:\/\/www.millbrooks.de\/wp-content\/uploads\/2017\/07\/IMG_0974-150x150.jpg\" class=\"attachment-thumbnail size-thumbnail\" alt=\"\" \/><\/a>\n\t\t\t<\/div><\/figure><figure class='gallery-item'>\n\t\t\t<div class='gallery-icon landscape'>\n\t\t\t\t<a href='https:\/\/www.millbrooks.de\/?attachment_id=23176'><img loading=\"lazy\" decoding=\"async\" width=\"150\" height=\"150\" src=\"https:\/\/www.millbrooks.de\/wp-content\/uploads\/2017\/07\/IMG_0965-150x150.jpg\" class=\"attachment-thumbnail size-thumbnail\" alt=\"\" \/><\/a>\n\t\t\t<\/div><\/figure><figure class='gallery-item'>\n\t\t\t<div class='gallery-icon landscape'>\n\t\t\t\t<a href='https:\/\/www.millbrooks.de\/?attachment_id=23179'><img loading=\"lazy\" decoding=\"async\" width=\"150\" height=\"150\" src=\"https:\/\/www.millbrooks.de\/wp-content\/uploads\/2017\/07\/IMG_0970-150x150.jpg\" class=\"attachment-thumbnail size-thumbnail\" alt=\"\" \/><\/a>\n\t\t\t<\/div><\/figure><figure class='gallery-item'>\n\t\t\t<div class='gallery-icon landscape'>\n\t\t\t\t<a href='https:\/\/www.millbrooks.de\/?attachment_id=23184'><img loading=\"lazy\" decoding=\"async\" width=\"150\" height=\"150\" src=\"https:\/\/www.millbrooks.de\/wp-content\/uploads\/2017\/07\/IMG_0975-150x150.jpg\" class=\"attachment-thumbnail size-thumbnail\" alt=\"\" \/><\/a>\n\t\t\t<\/div><\/figure><figure class='gallery-item'>\n\t\t\t<div class='gallery-icon landscape'>\n\t\t\t\t<a href='https:\/\/www.millbrooks.de\/?attachment_id=23185'><img loading=\"lazy\" decoding=\"async\" width=\"150\" height=\"150\" src=\"https:\/\/www.millbrooks.de\/wp-content\/uploads\/2017\/07\/IMG_0976-150x150.jpg\" class=\"attachment-thumbnail size-thumbnail\" alt=\"\" \/><\/a>\n\t\t\t<\/div><\/figure><figure class='gallery-item'>\n\t\t\t<div class='gallery-icon landscape'>\n\t\t\t\t<a href='https:\/\/www.millbrooks.de\/?attachment_id=23186'><img loading=\"lazy\" decoding=\"async\" width=\"150\" height=\"150\" src=\"https:\/\/www.millbrooks.de\/wp-content\/uploads\/2017\/07\/IMG_0977-150x150.jpg\" class=\"attachment-thumbnail size-thumbnail\" alt=\"\" \/><\/a>\n\t\t\t<\/div><\/figure><figure class='gallery-item'>\n\t\t\t<div class='gallery-icon landscape'>\n\t\t\t\t<a href='https:\/\/www.millbrooks.de\/?attachment_id=23190'><img loading=\"lazy\" decoding=\"async\" width=\"150\" height=\"150\" src=\"https:\/\/www.millbrooks.de\/wp-content\/uploads\/2017\/07\/IMG_0981-150x150.jpg\" class=\"attachment-thumbnail size-thumbnail\" alt=\"\" \/><\/a>\n\t\t\t<\/div><\/figure><figure class='gallery-item'>\n\t\t\t<div class='gallery-icon landscape'>\n\t\t\t\t<a href='https:\/\/www.millbrooks.de\/?attachment_id=23194'><img loading=\"lazy\" decoding=\"async\" width=\"150\" height=\"150\" src=\"https:\/\/www.millbrooks.de\/wp-content\/uploads\/2017\/07\/IMG_1009-150x150.jpg\" class=\"attachment-thumbnail size-thumbnail\" alt=\"\" \/><\/a>\n\t\t\t<\/div><\/figure><figure class='gallery-item'>\n\t\t\t<div class='gallery-icon landscape'>\n\t\t\t\t<a href='https:\/\/www.millbrooks.de\/?attachment_id=23187'><img loading=\"lazy\" decoding=\"async\" width=\"150\" height=\"150\" src=\"https:\/\/www.millbrooks.de\/wp-content\/uploads\/2017\/07\/IMG_0978-150x150.jpg\" class=\"attachment-thumbnail size-thumbnail\" alt=\"\" \/><\/a>\n\t\t\t<\/div><\/figure><figure class='gallery-item'>\n\t\t\t<div class='gallery-icon landscape'>\n\t\t\t\t<a href='https:\/\/www.millbrooks.de\/?attachment_id=23188'><img loading=\"lazy\" decoding=\"async\" width=\"150\" height=\"150\" src=\"https:\/\/www.millbrooks.de\/wp-content\/uploads\/2017\/07\/IMG_0979-150x150.jpg\" class=\"attachment-thumbnail size-thumbnail\" alt=\"\" \/><\/a>\n\t\t\t<\/div><\/figure><figure class='gallery-item'>\n\t\t\t<div class='gallery-icon landscape'>\n\t\t\t\t<a href='https:\/\/www.millbrooks.de\/?attachment_id=23189'><img loading=\"lazy\" decoding=\"async\" width=\"150\" height=\"150\" src=\"https:\/\/www.millbrooks.de\/wp-content\/uploads\/2017\/07\/IMG_0980-150x150.jpg\" class=\"attachment-thumbnail size-thumbnail\" alt=\"\" \/><\/a>\n\t\t\t<\/div><\/figure><figure class='gallery-item'>\n\t\t\t<div class='gallery-icon landscape'>\n\t\t\t\t<a href='https:\/\/www.millbrooks.de\/?attachment_id=23174'><img loading=\"lazy\" decoding=\"async\" width=\"150\" height=\"150\" src=\"https:\/\/www.millbrooks.de\/wp-content\/uploads\/2017\/07\/IMG_0963-150x150.jpg\" class=\"attachment-thumbnail size-thumbnail\" alt=\"\" \/><\/a>\n\t\t\t<\/div><\/figure><figure class='gallery-item'>\n\t\t\t<div class='gallery-icon landscape'>\n\t\t\t\t<a href='https:\/\/www.millbrooks.de\/?attachment_id=23178'><img loading=\"lazy\" decoding=\"async\" width=\"150\" height=\"150\" src=\"https:\/\/www.millbrooks.de\/wp-content\/uploads\/2017\/07\/IMG_0969-150x150.jpg\" class=\"attachment-thumbnail size-thumbnail\" alt=\"\" \/><\/a>\n\t\t\t<\/div><\/figure><figure class='gallery-item'>\n\t\t\t<div class='gallery-icon landscape'>\n\t\t\t\t<a href='https:\/\/www.millbrooks.de\/?attachment_id=23191'><img loading=\"lazy\" decoding=\"async\" width=\"150\" height=\"150\" src=\"https:\/\/www.millbrooks.de\/wp-content\/uploads\/2017\/07\/IMG_0982-150x150.jpg\" class=\"attachment-thumbnail size-thumbnail\" alt=\"\" \/><\/a>\n\t\t\t<\/div><\/figure><figure class='gallery-item'>\n\t\t\t<div class='gallery-icon landscape'>\n\t\t\t\t<a href='https:\/\/www.millbrooks.de\/?attachment_id=23192'><img loading=\"lazy\" decoding=\"async\" width=\"150\" height=\"150\" src=\"https:\/\/www.millbrooks.de\/wp-content\/uploads\/2017\/07\/IMG_1007-150x150.jpg\" class=\"attachment-thumbnail size-thumbnail\" alt=\"\" \/><\/a>\n\t\t\t<\/div><\/figure>\n\t\t<\/div>\n<\/p>\n<p>S7 &#8211; Kinderwagen, 30er\/40er Jahre, bez. D.R.G.M.<\/p>\n<p>Gebrauchspuren sind vorhanden, siehe Fotos.<br \/>\nTeilweise wurden die Metallteile mit silbernem Lack nachlackiert &#8211; die &#8222;Kotfl\u00fcgel&#8220; und Innenteile der Reifen.<\/p>\n<p>&nbsp;<\/p>\n<p>&nbsp;<\/p>\n","protected":false},"excerpt":{"rendered":"<p>Sonstiges &#8211; im \u00dcberblick &nbsp; S1\u00a0 &#8211; Zahlteller f\u00fcr Ladentheke, 50er Jahre, Bakelit, Werbung: baffli-Gummilitze Ein Zahltelller aus Bakelit mit der Werbeaufschrift:\u00a0 &#8230;. und noch eine baffli-Gummilitze. Der Zahlteller konnte mit Ware &#8222;baffli-P\u00e4ckchen&#8220; best\u00fcckt werden. Mittels eines Hebels wurden die P\u00e4ckchen ausgeworfen. Durch das \u00d6ffnen der Sichtscheibe konnte man wieder nachf\u00fcllen. Er ist unterseitig bezeichnet &hellip; <a href=\"https:\/\/www.millbrooks.de\/?page_id=2145\" class=\"more-link\"><span class=\"screen-reader-text\">Sonstiges &#8211; Miscellaneous<\/span> weiterlesen <span class=\"meta-nav\">&rarr;<\/span><\/a><\/p>\n","protected":false},"author":2,"featured_media":0,"parent":503,"menu_order":0,"comment_status":"closed","ping_status":"closed","template":"","meta":{"footnotes":""},"class_list":["post-2145","page","type-page","status-publish","hentry"],"_links":{"self":[{"href":"https:\/\/www.millbrooks.de\/index.php?rest_route=\/wp\/v2\/pages\/2145","targetHints":{"allow":["GET"]}}],"collection":[{"href":"https:\/\/www.millbrooks.de\/index.php?rest_route=\/wp\/v2\/pages"}],"about":[{"href":"https:\/\/www.millbrooks.de\/index.php?rest_route=\/wp\/v2\/types\/page"}],"author":[{"embeddable":true,"href":"https:\/\/www.millbrooks.de\/index.php?rest_route=\/wp\/v2\/users\/2"}],"replies":[{"embeddable":true,"href":"https:\/\/www.millbrooks.de\/index.php?rest_route=%2Fwp%2Fv2%2Fcomments&post=2145"}],"version-history":[{"count":17,"href":"https:\/\/www.millbrooks.de\/index.php?rest_route=\/wp\/v2\/pages\/2145\/revisions"}],"predecessor-version":[{"id":108519,"href":"https:\/\/www.millbrooks.de\/index.php?rest_route=\/wp\/v2\/pages\/2145\/revisions\/108519"}],"up":[{"embeddable":true,"href":"https:\/\/www.millbrooks.de\/index.php?rest_route=\/wp\/v2\/pages\/503"}],"wp:attachment":[{"href":"https:\/\/www.millbrooks.de\/index.php?rest_route=%2Fwp%2Fv2%2Fmedia&parent=2145"}],"curies":[{"name":"wp","href":"https:\/\/api.w.org\/{rel}","templated":true}]}}